{"id":1036,"date":"2018-01-15T15:32:29","date_gmt":"2018-01-15T14:32:29","guid":{"rendered":"http:\/\/www.oszkim.de\/wp\/?page_id=1036"},"modified":"2020-06-09T13:20:52","modified_gmt":"2020-06-09T11:20:52","slug":"elektoniker-in-fuer-informations-und-systemtechnik","status":"publish","type":"page","link":"https:\/\/www.oszkim.de\/wp\/bildungsgaenge\/berufsschule\/elektoniker-in-fuer-informations-und-systemtechnik\/","title":{"rendered":"Elektroniker\/in f\u00fcr Informations- und Systemtechnik"},"content":{"rendered":"<div class=\"accordion-wrap\"><div class=\"rara_accordian\"><div class=\"rara_accordian_title\">Beschreibung<\/div><div class=\"rara_accordian_content\"><p>Elektroniker\/-innen f\u00fcr Informations- und Systemtechnik entwickeln und implementieren industrielle informationstechnische Systeme und halten sie in Stand.\nTypische Einsatzfelder sind Automatisierungssysteme, Signal- und Sicherheitssysteme, Informations- und Kommunikationssysteme, funktechnische Systeme, Embedded Systems.\nElektroniker\/-innen f\u00fcr Informations- und Systemtechnik \u00fcben ihre T\u00e4tigkeiten unter Beachtung der einschl\u00e4gigen Vorschriften und Sicherheitsbestimmungen selbst\u00e4ndig aus und stimmen ihre Arbeit mit vor- und nachgelagerten Bereichen ab. Dabei arbeiten sie h\u00e4ufig im Team. Sie sind Elektrofachkr\u00e4fte im Sinne der Unfallverh\u00fctungsvorschriften.<\/p><\/div><\/div>\n<div class=\"rara_accordian\"><div class=\"rara_accordian_title\">Dauer<\/div><div class=\"rara_accordian_content\">3,5 Jahre<\/div><\/div>\n<div class=\"rara_accordian\"><div class=\"rara_accordian_title\">Ziel<\/div><div class=\"rara_accordian_content\"><p>Die Ausbildung endet mit dem Ablegen der Facharbeiterpr\u00fcfung vor der Industrie und Handelskammer Berlin.<\/p><\/div><\/div>\n<div class=\"rara_accordian\"><div class=\"rara_accordian_title\">Voraussetzungen<\/div><div class=\"rara_accordian_content\"><p>Ausbildungsvertrag<\/p><\/div><\/div><\/div>\n","protected":false},"excerpt":{"rendered":"","protected":false},"author":2,"featured_media":0,"parent":815,"menu_order":4,"comment_status":"closed","ping_status":"closed","template":"","meta":{"footnotes":""},"class_list":["post-1036","page","type-page","status-publish","hentry","latest_post"],"_links":{"self":[{"href":"https:\/\/www.oszkim.de\/wp\/wp-json\/wp\/v2\/pages\/1036","targetHints":{"allow":["GET"]}}],"collection":[{"href":"https:\/\/www.oszkim.de\/wp\/wp-json\/wp\/v2\/pages"}],"about":[{"href":"https:\/\/www.oszkim.de\/wp\/wp-json\/wp\/v2\/types\/page"}],"author":[{"embeddable":true,"href":"https:\/\/www.oszkim.de\/wp\/wp-json\/wp\/v2\/users\/2"}],"replies":[{"embeddable":true,"href":"https:\/\/www.oszkim.de\/wp\/wp-json\/wp\/v2\/comments?post=1036"}],"version-history":[{"count":4,"href":"https:\/\/www.oszkim.de\/wp\/wp-json\/wp\/v2\/pages\/1036\/revisions"}],"predecessor-version":[{"id":3598,"href":"https:\/\/www.oszkim.de\/wp\/wp-json\/wp\/v2\/pages\/1036\/revisions\/3598"}],"up":[{"embeddable":true,"href":"https:\/\/www.oszkim.de\/wp\/wp-json\/wp\/v2\/pages\/815"}],"wp:attachment":[{"href":"https:\/\/www.oszkim.de\/wp\/wp-json\/wp\/v2\/media?parent=1036"}],"curies":[{"name":"wp","href":"https:\/\/api.w.org\/{rel}","templated":true}]}}